{"id":647,"date":"2024-03-12T22:12:49","date_gmt":"2024-03-12T21:12:49","guid":{"rendered":"https:\/\/best-home-services.com\/politica-de-privacidad\/"},"modified":"2024-08-15T23:24:25","modified_gmt":"2024-08-15T22:24:25","slug":"politica-de-privacidad","status":"publish","type":"page","link":"https:\/\/best-home-services.com\/es\/politica-de-privacidad\/","title":{"rendered":"Pol\u00edtica de privacidad"},"content":{"rendered":"<div class=\"wpb-content-wrapper\"><p>[vc_row][vc_column][vc_column_text css=\u00bb\u00bb]<\/p>\n<h5 class=\"wp-block-heading\"><strong>Qui\u00e9nes somos<\/strong><\/h5>\n<h5><\/h5>\n<h5><\/h5>\n<h5 class=\"has-white-color has-text-color has-link-color wp-elements-0e9e786e7e012b1b8899a9ae51ecbf20\">La direcci\u00f3n de nuestro sitio web es: https:\/\/best-home-services.com.<\/h5>\n<h5><\/h5>\n<h5><\/h5>\n<h5 class=\"wp-block-heading\"><strong>Comentarios<\/strong><\/h5>\n<h5><\/h5>\n<h5><\/h5>\n<h5 class=\"has-white-color has-text-color has-link-color wp-elements-d39f3de7999387adb1b8792f404bdfb3\">Cuando los visitantes publican comentarios en el sitio web, recogemos los datos que aparecen en el formulario de comentarios, la direcci\u00f3n IP del visitante y la cadena de agente de usuario (que identifica el navegador) para ayudar a reconocer el spam. Se puede crear una cadena de caracteres anonimizada (tambi\u00e9n conocida como hash) a partir de tu direcci\u00f3n de correo electr\u00f3nico y pasarla al servicio Gravatar para comprobar si la est\u00e1s utilizando. Puedes encontrar la pol\u00edtica de privacidad del servicio Gravatar aqu\u00ed: https:\/\/automattic.com\/privacy\/. Una vez aprobado tu comentario, tu foto de perfil ser\u00e1 visible p\u00fablicamente en el contexto de tu comentario.<\/h5>\n<h5><\/h5>\n<h5><\/h5>\n<h5><\/h5>\n<h5 class=\"wp-block-heading\"><strong>Medios de comunicaci\u00f3n<\/strong><\/h5>\n<h5><\/h5>\n<h5><\/h5>\n<h5 class=\"has-white-color has-text-color has-link-color wp-elements-4fb7d57308ce7d7ab859668a951df73e\">Si eres un usuario registrado y subes fotos a este sitio web, debes evitar subir fotos con una ubicaci\u00f3n GPS EXIF. Los visitantes de este sitio web pueden descargar fotos almacenadas en este sitio web y extraer su informaci\u00f3n de localizaci\u00f3n.<\/h5>\n<h5><\/h5>\n<h5><\/h5>\n<h5 class=\"wp-block-heading\"><strong>Cookies<\/strong><\/h5>\n<h5><\/h5>\n<h5><\/h5>\n<h5 class=\"has-white-color has-text-color has-link-color wp-elements-412c5161a271e18f0e6ed305c3d36373\">Si escribes un comentario en nuestro sitio web, esto puede constituir un consentimiento para almacenar tu nombre, direcci\u00f3n de correo electr\u00f3nico y sitio web en cookies. Se trata de una funci\u00f3n pr\u00e1ctica para que no tengas que volver a introducir todos estos datos cuando escribas otro comentario. Estas cookies se almacenan durante un a\u00f1o. Si tienes una cuenta e inicias sesi\u00f3n en este sitio web, instalaremos una cookie temporal para determinar si tu navegador acepta cookies. Esta cookie no contiene ning\u00fan dato personal y se descarta cuando cierras el navegador. Cuando te conectes, configuraremos algunas cookies para guardar tu informaci\u00f3n de acceso y opciones de visualizaci\u00f3n. Las cookies de inicio de sesi\u00f3n caducan a los dos d\u00edas y las cookies de las opciones de visualizaci\u00f3n al a\u00f1o. Si seleccionas \u00abPermanecer conectado\u00bb al inscribirte, tu inscripci\u00f3n se mantendr\u00e1 durante quince d\u00edas. Cuando cierras la sesi\u00f3n de tu cuenta, se eliminan las cookies de inicio de sesi\u00f3n. Cuando editas o publicas un art\u00edculo, se almacena una cookie adicional en tu navegador. Esta cookie no contiene ning\u00fan dato personal y s\u00f3lo se refiere a la ID del post del art\u00edculo que acabas de editar. La cookie caduca al cabo de un d\u00eda.<\/h5>\n<h5><\/h5>\n<h5><\/h5>\n<h5><\/h5>\n<h5><\/h5>\n<h5><\/h5>\n<h5 class=\"wp-block-heading\"><strong>Contenido incrustado de otros sitios web<\/strong><\/h5>\n<h5><\/h5>\n<h5><\/h5>\n<h5 class=\"has-white-color has-text-color has-link-color wp-elements-a34126b536e8798c580ca760124a1431\">Las publicaciones de este sitio web pueden incluir contenido incrustado (por ejemplo, v\u00eddeos, im\u00e1genes, art\u00edculos, etc.). El contenido incrustado de otros sitios web se comporta exactamente igual que si el visitante hubiera visitado el otro sitio web. Estos sitios web pueden recopilar datos sobre ti, utilizar cookies, incrustar servicios adicionales de seguimiento de terceros y registrar tu interacci\u00f3n con este contenido incrustado, incluida tu interacci\u00f3n con el contenido incrustado si tienes una cuenta y has iniciado sesi\u00f3n en este sitio web.<\/h5>\n<h5><\/h5>\n<h5><\/h5>\n<h5><\/h5>\n<h5 class=\"wp-block-heading\"><strong>Con qui\u00e9n compartimos tus datos<\/strong><\/h5>\n<h5><\/h5>\n<h5><\/h5>\n<h5 class=\"has-white-color has-text-color has-link-color wp-elements-1b127b0367f91b2a08e8c665ae352a0a\">Si solicitas un restablecimiento de contrase\u00f1a, tu direcci\u00f3n IP se incluir\u00e1 en el correo electr\u00f3nico de restablecimiento.<\/h5>\n<h5><\/h5>\n<h5><\/h5>\n<h5 class=\"wp-block-heading\"><strong>Cu\u00e1nto tiempo almacenamos tus datos<\/strong><\/h5>\n<h5><\/h5>\n<h5><\/h5>\n<h5 class=\"has-white-color has-text-color has-link-color wp-elements-9620b1d1e8db3204aad2689eab764ff5\">Si escribes un comentario, se guardar\u00e1 indefinidamente, incluidos los metadatos. De este modo, podemos reconocer y aprobar autom\u00e1ticamente los comentarios de seguimiento en lugar de retenerlos en una cola de moderaci\u00f3n. Para los usuarios que se registran en nuestro sitio web, tambi\u00e9n almacenamos la informaci\u00f3n personal que proporcionan en sus perfiles de usuario. Todos los usuarios pueden ver, modificar o eliminar su informaci\u00f3n personal en cualquier momento (el nombre de usuario no se puede modificar). Los administradores del sitio web tambi\u00e9n pueden ver y modificar esta informaci\u00f3n.<\/h5>\n<h5><\/h5>\n<h5><\/h5>\n<h5><\/h5>\n<h5 class=\"wp-block-heading\"><strong>Qu\u00e9 derechos tienes sobre tus datos<\/strong><\/h5>\n<h5><\/h5>\n<h5><\/h5>\n<h5 class=\"has-white-color has-text-color has-link-color wp-elements-ac02b6ef978ccc5d20258348bd5e7bdf\">Si tienes una cuenta en este sitio web o has publicado comentarios, puedes solicitarnos que exportemos tus datos personales, incluidos los que nos hayas facilitado. Adem\u00e1s, puedes solicitar la eliminaci\u00f3n de todos los datos personales que hayamos almacenado sobre ti. Esto no incluye los datos que estamos obligados a conservar por motivos administrativos, legales o de seguridad.<\/h5>\n<h5><\/h5>\n<h5><\/h5>\n<h5 class=\"wp-block-heading\"><strong>D\u00f3nde se env\u00edan tus datos<\/strong><\/h5>\n<h5><\/h5>\n<h5><\/h5>\n<h5 class=\"has-white-color has-text-color has-link-color wp-elements-29ad7690f725f7eb32fd58fae773920f\">Los comentarios de los visitantes podr\u00edan ser analizados por un servicio automatizado de detecci\u00f3n de spam.<\/h5>\n<p>[\/vc_column_text][\/vc_column][\/vc_row]<\/p>\n<\/div>","protected":false},"excerpt":{"rendered":"<p>[vc_row][vc_column][vc_column_text css=\u00bb\u00bb] Qui\u00e9nes somos La direcci\u00f3n de nuestro sitio web es: https:\/\/best-home-services.com. Comentarios Cuando los visitantes publican comentarios en el sitio web, recogemos los datos que aparecen en el formulario de comentarios, la direcci\u00f3n IP del visitante y la cadena de agente de usuario (que identifica el navegador) para ayudar a reconocer el spam. Se [&hellip;]<\/p>\n","protected":false},"author":1,"featured_media":0,"parent":0,"menu_order":0,"comment_status":"closed","ping_status":"closed","template":"","meta":{"footnotes":""},"class_list":["post-647","page","type-page","status-publish","hentry"],"_links":{"self":[{"href":"https:\/\/best-home-services.com\/es\/wp-json\/wp\/v2\/pages\/647"}],"collection":[{"href":"https:\/\/best-home-services.com\/es\/wp-json\/wp\/v2\/pages"}],"about":[{"href":"https:\/\/best-home-services.com\/es\/wp-json\/wp\/v2\/types\/page"}],"author":[{"embeddable":true,"href":"https:\/\/best-home-services.com\/es\/wp-json\/wp\/v2\/users\/1"}],"replies":[{"embeddable":true,"href":"https:\/\/best-home-services.com\/es\/wp-json\/wp\/v2\/comments?post=647"}],"version-history":[{"count":3,"href":"https:\/\/best-home-services.com\/es\/wp-json\/wp\/v2\/pages\/647\/revisions"}],"predecessor-version":[{"id":655,"href":"https:\/\/best-home-services.com\/es\/wp-json\/wp\/v2\/pages\/647\/revisions\/655"}],"wp:attachment":[{"href":"https:\/\/best-home-services.com\/es\/wp-json\/wp\/v2\/media?parent=647"}],"curies":[{"name":"wp","href":"https:\/\/api.w.org\/{rel}","templated":true}]}}