{"id":651,"date":"2024-03-12T23:30:32","date_gmt":"2024-03-12T22:30:32","guid":{"rendered":"https:\/\/best-home-services.com\/pie-de-imprenta\/"},"modified":"2024-08-15T23:24:26","modified_gmt":"2024-08-15T22:24:26","slug":"pie-de-imprenta","status":"publish","type":"page","link":"https:\/\/best-home-services.com\/es\/pie-de-imprenta\/","title":{"rendered":"Pie de imprenta"},"content":{"rendered":"&#13;\n<h5 class=\"wp-block-heading\"><strong>Nombre:<\/strong><\/h5>&#13;\n<h5><\/h5>&#13;\n<h5>BEST HOME SERVICES ESPJ<\/h5>&#13;\n<h5><\/h5>&#13;\n<h5 class=\"wp-block-heading\"><strong>Direcci\u00f3n:<\/strong><\/h5>&#13;\n<h5><\/h5>&#13;\n<h5>Carrer d&#8217;Ariel, 19, 07660 Cala D&#8217;or, Illes Balears<\/h5>&#13;\n<h5><\/h5>&#13;\n<h5 class=\"wp-block-heading has-text-align-left\"><strong>Correo electr\u00f3nico:<\/strong><\/h5>&#13;\n<h5><\/h5>&#13;\n<h5 class=\"has-text-align-left\">info@best-home-services.com<\/h5>&#13;\n<h5><\/h5>&#13;\n<h5 class=\"wp-block-heading\"><strong>Tel\u00e9fono:<\/strong><\/h5>&#13;\n<h5><\/h5>&#13;\n<h5>00 34 603 110 876\u202c<\/h5>&#13;","protected":false},"excerpt":{"rendered":"<p>&#13; Nombre: &#13; &#13; BEST HOME SERVICES ESPJ &#13; &#13; Direcci\u00f3n: &#13; &#13; Carrer d&#8217;Ariel, 19, 07660 Cala D&#8217;or, Illes Balears &#13; &#13; Correo electr\u00f3nico: &#13; &#13; info@best-home-services.com &#13; &#13; Tel\u00e9fono: &#13; &#13; 00 34 603 110 876\u202c &#13;<\/p>\n","protected":false},"author":1,"featured_media":0,"parent":0,"menu_order":0,"comment_status":"closed","ping_status":"closed","template":"","meta":{"footnotes":""},"class_list":["post-651","page","type-page","status-publish","hentry"],"_links":{"self":[{"href":"https:\/\/best-home-services.com\/es\/wp-json\/wp\/v2\/pages\/651"}],"collection":[{"href":"https:\/\/best-home-services.com\/es\/wp-json\/wp\/v2\/pages"}],"about":[{"href":"https:\/\/best-home-services.com\/es\/wp-json\/wp\/v2\/types\/page"}],"author":[{"embeddable":true,"href":"https:\/\/best-home-services.com\/es\/wp-json\/wp\/v2\/users\/1"}],"replies":[{"embeddable":true,"href":"https:\/\/best-home-services.com\/es\/wp-json\/wp\/v2\/comments?post=651"}],"version-history":[{"count":2,"href":"https:\/\/best-home-services.com\/es\/wp-json\/wp\/v2\/pages\/651\/revisions"}],"predecessor-version":[{"id":659,"href":"https:\/\/best-home-services.com\/es\/wp-json\/wp\/v2\/pages\/651\/revisions\/659"}],"wp:attachment":[{"href":"https:\/\/best-home-services.com\/es\/wp-json\/wp\/v2\/media?parent=651"}],"curies":[{"name":"wp","href":"https:\/\/api.w.org\/{rel}","templated":true}]}}